{"id":108,"date":"2024-03-03T16:08:41","date_gmt":"2024-03-03T15:08:41","guid":{"rendered":"https:\/\/achimmertens.de\/?page_id=108"},"modified":"2026-01-12T16:07:53","modified_gmt":"2026-01-12T15:07:53","slug":"homepage","status":"publish","type":"page","link":"https:\/\/achimmertens.de\/","title":{"rendered":"Homepage"},"content":{"rendered":"\t\t<div data-elementor-type=\"wp-page\" data-elementor-id=\"108\" class=\"elementor elementor-108\">\n\t\t\t\t<div class=\"elementor-element elementor-element-52980b8 e-flex e-con-boxed e-con e-parent\" data-id=\"52980b8\" data-element_type=\"container\">\n\t\t\t\t\t<div class=\"e-con-inner\">\n\t\t\t\t<div class=\"elementor-element elementor-element-5b7ec6d elementor-hidden-mobile elementor-widget elementor-widget-spacer\" data-id=\"5b7ec6d\" data-element_type=\"widget\" data-widget_type=\"spacer.default\">\n\t\t\t\t<div class=\"elementor-widget-container\">\n\t\t\t\t\t\t\t<div class=\"elementor-spacer\">\n\t\t\t<div class=\"elementor-spacer-inner\"><\/div>\n\t\t<\/div>\n\t\t\t\t\t\t<\/div>\n\t\t\t\t<\/div>\n\t\t\t\t\t<\/div>\n\t\t\t\t<\/div>\n\t\t\t\t<section class=\"elementor-section elementor-top-section elementor-element elementor-element-4320cba3 elementor-section-boxed elementor-section-height-default elementor-section-height-default\" data-id=\"4320cba3\" data-element_type=\"section\" data-settings=\"{&quot;background_background&quot;:&quot;classic&quot;}\">\n\t\t\t\t\t\t<div class=\"elementor-container elementor-column-gap-default\">\n\t\t\t\t\t<div class=\"elementor-column elementor-col-100 elementor-top-column elementor-element elementor-element-c057f0e\" data-id=\"c057f0e\" data-element_type=\"column\">\n\t\t\t<div class=\"elementor-widget-wrap elementor-element-populated\">\n\t\t\t\t\t\t<div class=\"elementor-element elementor-element-a63d21e elementor-widget elementor-widget-text-editor\" data-id=\"a63d21e\" data-element_type=\"widget\" data-widget_type=\"text-editor.default\">\n\t\t\t\t<div class=\"elementor-widget-container\">\n\t\t\t\t\t\t\t\t\t<p>Liebe Patienten <br \/>Ich gehe am 31.12.25 in Rente. Meine langj\u00e4hrige Kollegin Frau Dr. Schulte zur Heide f\u00fchrt die Praxis weiter mit dem bewerten praxisteam<br \/>Ich m\u00f6chte mich gerne ganz herzlich bei Ihnen f\u00fcr die langj\u00e4hrige treue bedanken, die sie mir entgegengebracht haben.<br \/>Ich w\u00fcnsche Ihnen alles liebe und gute<br \/>Ihr Dr. Achim Mertens<\/p><p>Der Link zur neuen Homepage <br \/><a href=\"http:\/\/drschultezurheide.de\">drschultezurheide.de<\/a><\/p>\t\t\t\t\t\t\t\t<\/div>\n\t\t\t\t<\/div>\n\t\t\t\t\t<\/div>\n\t\t<\/div>\n\t\t\t\t\t<\/div>\n\t\t<\/section>\n\t\t\t\t<\/div>\n\t\t","protected":false},"excerpt":{"rendered":"<p>Liebe Patienten Ich gehe am 31.12.25 in Rente. Meine langj\u00e4hrige Kollegin Frau Dr. Schulte zur Heide f\u00fchrt die Praxis weiter mit dem bewerten praxisteamIch m\u00f6chte mich gerne ganz herzlich bei Ihnen f\u00fcr die langj\u00e4hrige treue bedanken, die sie mir entgegengebracht haben.Ich w\u00fcnsche Ihnen alles liebe und guteIhr Dr. Achim Mertens Der Link zur neuen Homepage [&hellip;]<\/p>\n","protected":false},"author":1,"featured_media":0,"parent":0,"menu_order":0,"comment_status":"closed","ping_status":"closed","template":"elementor_header_footer","meta":{"footnotes":""},"class_list":["post-108","page","type-page","status-publish","hentry"],"blocksy_meta":[],"_links":{"self":[{"href":"https:\/\/achimmertens.de\/index.php?rest_route=\/wp\/v2\/pages\/108","targetHints":{"allow":["GET"]}}],"collection":[{"href":"https:\/\/achimmertens.de\/index.php?rest_route=\/wp\/v2\/pages"}],"about":[{"href":"https:\/\/achimmertens.de\/index.php?rest_route=\/wp\/v2\/types\/page"}],"author":[{"embeddable":true,"href":"https:\/\/achimmertens.de\/index.php?rest_route=\/wp\/v2\/users\/1"}],"replies":[{"embeddable":true,"href":"https:\/\/achimmertens.de\/index.php?rest_route=%2Fwp%2Fv2%2Fcomments&post=108"}],"version-history":[{"count":10,"href":"https:\/\/achimmertens.de\/index.php?rest_route=\/wp\/v2\/pages\/108\/revisions"}],"predecessor-version":[{"id":2991,"href":"https:\/\/achimmertens.de\/index.php?rest_route=\/wp\/v2\/pages\/108\/revisions\/2991"}],"wp:attachment":[{"href":"https:\/\/achimmertens.de\/index.php?rest_route=%2Fwp%2Fv2%2Fmedia&parent=108"}],"curies":[{"name":"wp","href":"https:\/\/api.w.org\/{rel}","templated":true}]}}